{"id":2,"date":"2005-05-11T11:48:14","date_gmt":"2005-05-11T09:48:14","guid":{"rendered":"http:\/\/s656050976.online.de\/gamersliving\/wowblog\/impressum\/"},"modified":"2018-11-12T17:29:25","modified_gmt":"2018-11-12T16:29:25","slug":"impressum","status":"publish","type":"page","link":"http:\/\/www.gamersliving.com\/wowblog\/impressum\/","title":{"rendered":"Impressum"},"content":{"rendered":"<p>Impressum GamersLiving<\/p>\n<p>Gem\u00c3\u00a4\u00c3\u0178 \u00c2\u00a7 28 BDSG widerspreche ich jeder kommerziellen Verwendung und Weitergabe meiner Daten.<\/p>\n<p>Verantwortungsbereich: Das Impressum gilt nur f\u00c3\u00bcr die Internetpr\u00c3\u00a4senz unter der Adresse: www.gamersliving.com und www.gamersliving.de <\/p>\n<p>Verantwortliche Ansprechperson, Anschrift, elektronische Postadresse und schnelle elektronische und unmittelbare Kommunikation (Telefonnummer):<\/p>\n<p>Cornelia Diedrichs<br \/>\nLister Meile 75<br \/>\n30161 Hannover<br \/>\n+4951116589574<\/p>\n<p>kontakt@connys-welt.com<\/p>\n<p>Ust-IdNr.: DE291159893<\/p>\n<p>Journalistisch-redaktionell verantwortliche Ansprechperson: Cornelia Diedrichs <\/p>\n<p>Rechtliche Hinweise<br \/>\nGamersLiving pr\u00c3\u00bcft und aktualisiert die Informationen auf ihren Webseiten st\u00c3\u00a4ndig. Trotz aller Sorgfalt k\u00c3\u00b6nnen sich die Daten inzwischen ver\u00c3\u00a4ndert haben. Eine Haftung oder Garantie f\u00c3\u00bcr die Aktualit\u00c3\u00a4t, Richtigkeit und Vollst\u00c3\u00a4ndigkeit der zur Verf\u00c3\u00bcgung gestellten Informationen kann daher nicht \u00c3\u00bcbernommen werden. Gleiches gilt auch f\u00c3\u00bcr alle anderen Webseiten, auf die mittels Hyperlink verwiesen wird. GamersLiving ist f\u00c3\u00bcr den Inhalt der Webseiten, die aufgrund einer solchen Verbindung erreicht werden, nicht verantwortlich. Des Weiteren beh\u00c3\u00a4lt sich GamersLiving das Recht vor, \u00c3\u201enderungen oder Erg\u00c3\u00a4nzungen der bereitgestellten Informationen vorzunehmen. Inhalt und Struktur der GamersLiving-Webseiten sind urheberrechtlich gesch\u00c3\u00bctzt: Beachten Sie hierzu die <a href=\"http:\/\/creativecommons.org\/licenses\/by-nc-sa\/2.0\/de\/deed.de\">Creative Commons Lizenz<\/a> wegen Einzelheiten. <\/p>\n","protected":false},"excerpt":{"rendered":"<p>Impressum GamersLiving Gem\u00c3\u00a4\u00c3\u0178 \u00c2\u00a7 28 BDSG widerspreche ich jeder kommerziellen Verwendung und Weitergabe meiner Daten. Verantwortungsbereich: Das Impressum gilt nur f\u00c3\u00bcr die Internetpr\u00c3\u00a4senz unter der Adresse: www.gamersliving.com und www.gamersliving.de Verantwortliche Ansprechperson, Anschrift, elektronische Postadresse und schnelle elektronische und unmittelbare Kommunikation (Telefonnummer): Cornelia Diedrichs Lister Meile 75 30161 Hannover +4951116589574 kontakt@connys-welt.com Ust-IdNr.: DE291159893 Journalistisch-redaktionell verantwortliche Ansprechperson: [&hellip;]<\/p>\n","protected":false},"author":41,"featured_media":0,"parent":0,"menu_order":0,"comment_status":"closed","ping_status":"closed","template":"","meta":{"footnotes":""},"class_list":["post-2","page","type-page","status-publish","hentry"],"_links":{"self":[{"href":"http:\/\/www.gamersliving.com\/wowblog\/wp-json\/wp\/v2\/pages\/2","targetHints":{"allow":["GET"]}}],"collection":[{"href":"http:\/\/www.gamersliving.com\/wowblog\/wp-json\/wp\/v2\/pages"}],"about":[{"href":"http:\/\/www.gamersliving.com\/wowblog\/wp-json\/wp\/v2\/types\/page"}],"author":[{"embeddable":true,"href":"http:\/\/www.gamersliving.com\/wowblog\/wp-json\/wp\/v2\/users\/41"}],"replies":[{"embeddable":true,"href":"http:\/\/www.gamersliving.com\/wowblog\/wp-json\/wp\/v2\/comments?post=2"}],"version-history":[{"count":2,"href":"http:\/\/www.gamersliving.com\/wowblog\/wp-json\/wp\/v2\/pages\/2\/revisions"}],"predecessor-version":[{"id":1594,"href":"http:\/\/www.gamersliving.com\/wowblog\/wp-json\/wp\/v2\/pages\/2\/revisions\/1594"}],"wp:attachment":[{"href":"http:\/\/www.gamersliving.com\/wowblog\/wp-json\/wp\/v2\/media?parent=2"}],"curies":[{"name":"wp","href":"https:\/\/api.w.org\/{rel}","templated":true}]}}