{"id":4,"date":"2005-05-11T13:01:22","date_gmt":"2005-05-11T11:01:22","guid":{"rendered":"http:\/\/s656050976.online.de\/gamersliving\/wowblog\/rechtliches\/"},"modified":"2019-09-14T21:53:29","modified_gmt":"2019-09-14T19:53:29","slug":"rechtliches","status":"publish","type":"page","link":"http:\/\/www.gamersliving.com\/wowblog\/rechtliches\/","title":{"rendered":"Rechtliches"},"content":{"rendered":"<h3>Datenschutz<\/h3>\n<p>Diese Seite ist eine Privatseite &#8211; die DSGVO greift hier nicht &#8211; und seit 2009 inaktiv, was neue Artikel und Kommentare angeht.<\/p>\n<p>Das Einzige, was hier noch von deinen Daten \u00c3\u00bcberhaupt verarbeitet wird, sind unter Umst\u00c3\u00a4nden bei Aufrufen von Einzelartikeln teils eingebettete Youtube- und Vimeo-Videos sowie Flickr-Bilder, die beim Seitenaufbau die Mutterseite kontaktieren. Wenn du das vermeiden m\u00c3\u00b6chtest, installiere dir das Browser-Plugin <a href=\"https:\/\/www.ghostery.com\/de\/\">Ghostery<\/a>. Mit dessen Hilfe kannst du &#8211; Ghostery ist f\u00c3\u00bcr alle verf\u00c3\u00bcgbaren Browser erh\u00c3\u00a4ltlich &#8211; etwaiges Tracking individuell unterbinden. Typisches Werbetracking wie etwa \u00c3\u00bcber Facebook Pixel und Google Analytics l\u00c3\u00a4uft hier eh nicht. Cookies werden auch keine gesetzt. Die Kommentare sind zudem geschlossen. Newsletter bekommst keins. Anmelden darfst dich nicht. Nur Lesen. Sorry f\u00c3\u00bcr die Datenarmut. Ende Datengel\u00c3\u00a4nde.<\/p>\n<h4><strong>ManageWP<\/strong><\/h4>\n<p>Zum Schutz und zur Sicherung von Daten meiner Webseite nutze ich die Dienste des Anbieters ManageWP<\/p>\n<ul>\n<li><strong>GoDaddy.com LLC<\/strong>,\u00c2\u00a014455 N. Hayden Rd, Ste. 219, Scottsdale, AZ 85260, United States of America<\/li>\n<li><b>GoDaddy.com WP Europe,\u00c2\u00a0<\/b>Trg republike 5, 11000 Belgrade, Serbia<\/li>\n<\/ul>\n<p>\u00c3\u0153ber diesen Service sicher ich unsere Daten auf Servern im europ\u00c3\u00a4ischen Wirtschaftsraum und stelle so einen reibungslosen Betrieb meiner Online-Dienste sicher. Innerhalb des Service von ManageWP habe ich die M\u00c3\u00b6glichkeit\u00c2\u00a0 meine Seiten auf Ausf\u00c3\u00a4lle, Angriffsversuche von Au\u00c3\u0178en und auf Performance zu \u00c3\u00bcberwachen. Der Service z\u00c3\u00a4hlt die Aufrufe der Seiten. Auf IP-Adressen oder personenbezogene Daten habe ich dabei keinen Zugriff.<\/p>\n<p>GoDaddy hat sich dem Privacy Shield Abkommen unterworfen und erkennt die Vorgaben der DS-GVO an:<br \/>\n<a href=\"https:\/\/www.privacyshield.gov\/participant?id=a2zt0000000TN9xAAG&amp;status=Active\">https:\/\/www.privacyshield.gov\/participant?id=a2zt0000000TN9xAAG&amp;status=Active<\/a><\/p>\n<p>Mehr zum Datenschutz bei ManageWP unter:\u00c2\u00a0<a href=\"https:\/\/managewp.com\/privacy\" target=\"_blank\" rel=\"noopener noreferrer\">https:\/\/managewp.com\/privacy<\/a>\u00c2\u00a0| Statement von ManageWP zur DS-GVO:\u00c2\u00a0\u00c2\u00a0<a href=\"https:\/\/managewp.com\/blog\/managewp-and-gdpr-compliance\" target=\"_blank\" rel=\"noopener noreferrer\">https:\/\/managewp.com\/blog\/managewp-and-gdpr-compliance<\/a><\/p>\n<p>Mein technischer Support hat einen Vertrag zur Auftragsverarbeitung mit <strong>GoDaddy.com LLC\u00c2\u00a0<\/strong>geschlossen.<\/p>\n<h3>Copyrights<\/h3>\n<p>Siehe <a href=\"http:\/\/www.blizzard.de\/copyright.shtml\">Copyrights Blizzard Inc<\/a> und <a href=\"http:\/\/www.blizzard.de\/legalfaq.shtml\">Blizzards Legal FAQ<\/a><\/p>\n<p><strong>Legal Disclaimer von Seiten \u00c3\u00bcber World of Warcraft<\/strong><br \/>\nWorld of Warcraft\u00e2\u201e\u00a2 and Blizzard Entertainment\u00c2\u00ae are all trademarks or registered trademarks of Blizzard Entertainment in the United States and\/or other countries. These terms and all related materials, logos, and images are copyright \u00c2\u00a9 Blizzard Entertainment. This site is in no way associated with Blizzard Entertainment\u00c2\u00ae.<\/p>\n<p><strong>Trademarks:<\/strong><br \/>\nBattle.net\u00c2\u00ae<br \/>\n\u00c2\u00a9 1996 Blizzard Entertainment. Alle Rechte vorbehalten. Battle.net und Blizzard Entertainment sind in den USA und\/oder in anderen L\u00c3\u00a4ndern Warenzeichen oder eingetragene Warenzeichen von Blizzard Entertainment.<\/p>\n<p>Blizzard Entertainment\u00c2\u00ae<br \/>\nBlizzard Entertainment ist in den USA und\/oder in anderen L\u00c3\u00a4ndern ein Warenzeichen oder ein eingetragenes Warenzeichen von Blizzard Entertainment. Alle Rechte vorbehalten.<\/p>\n<p>Blizzard North\u00e2\u201e\u00a2<br \/>\nBlizzard North ist in den USA und\/oder in anderen L\u00c3\u00a4ndern ein Warenzeichen oder ein eingetragenes Warenzeichen von Blizzard Entertainment. Alle Rechte vorbehalten.<\/p>\n<p>Diablo\u00c2\u00ae<br \/>\n\u00c2\u00a9 1996 Blizzard Entertainment. Alle Rechte vorbehalten. In den USA und\/oder in anderen L\u00c3\u00a4ndern sind Diablo und Blizzard Entertainment Warenzeichen oder eingetragene Warenzeichen von Blizzard Entertainment.<\/p>\n<p>Diablo\u00c2\u00ae II<br \/>\n\u00c2\u00a9 2000 Blizzard Entertainment. Alle Rechte vorbehalten. In den USA und\/oder in anderen L\u00c3\u00a4ndern sind Diablo und Blizzard Entertainment Warenzeichen oder eingetragene Warenzeichen von Blizzard Entertainment.<\/p>\n<p>Diablo\u00c2\u00ae II: Lord of Destruction\u00e2\u201e\u00a2<br \/>\n\u00c2\u00a9 2002 Blizzard Entertainment. Alle Rechte vorbehalten. In den USA und\/oder in anderen L\u00c3\u00a4ndern sind Lord of Destruction, Diablo und Blizzard Entertainment Warenzeichen oder eingetragene Warenzeichen von Blizzard Entertainment.<\/p>\n<p>StarCraft\u00c2\u00ae<br \/>\n\u00c2\u00a9 1998 Blizzard Entertainment. Alle Rechte vorbehalten. In den USA und\/oder in anderen L\u00c3\u00a4ndern sind StarCraft und Blizzard Entertainment Warenzeichen oder eingetragene Warenzeichen von Blizzard Entertainment.<\/p>\n<p>StarCraft\u00c2\u00ae: Brood War\u00c2\u00ae<br \/>\n\u00c2\u00a9 1998 Blizzard Entertainment. Alle Rechte vorbehalten. In den USA und\/oder in anderen L\u00c3\u00a4ndern sind StarCraft, Brood War und Blizzard Entertainment Warenzeichen oder eingetragene Warenzeichen von Blizzard Entertainment.<\/p>\n<p>WarCraft\u00c2\u00ae: Orcs &amp; Humans\u00e2\u201e\u00a2<br \/>\n\u00c2\u00a9 1994 Blizzard Entertainment. Alle Rechte vorbehalten. In den USA und\/oder in anderen L\u00c3\u00a4ndern sind Orcs &amp; Humans, WarCraft und Blizzard Entertainment Warenzeichen oder eingetragene Warenzeichen von Blizzard Entertainment.<\/p>\n<p>WarCraft\u00c2\u00ae II: Tides of Darkness\u00e2\u201e\u00a2<br \/>\n\u00c2\u00a9 1995 Blizzard Entertainment. Alle Rechte vorbehalten. In den USA und\/oder in anderen L\u00c3\u00a4ndern sind Tides of Darkness, WarCraft und Blizzard Entertainment Warenzeichen oder eingetragene Warenzeichen von Blizzard Entertainment.<\/p>\n<p>WarCraft\u00c2\u00ae II: Beyond the Dark Portal\u00e2\u201e\u00a2<br \/>\n\u00c2\u00a9 1996 Blizzard Entertainment. Alle Rechte vorbehalten. In den USA und\/oder in anderen L\u00c3\u00a4ndern sind Beyond the Dark Portal, WarCraft und Blizzard Entertainment Warenzeichen oder eingetragene Warenzeichen von Blizzard Entertainment.<\/p>\n<p>WarCraft\u00c2\u00ae III: Reign of Chaos\u00e2\u201e\u00a2<br \/>\n\u00c2\u00a9 2002 Blizzard Entertainment. Alle Rechte vorbehalten. In den USA und\/oder in anderen L\u00c3\u00a4ndern sind Reign of Chaos, WarCraft und Blizzard Entertainment Warenzeichen oder eingetragene Warenzeichen von Blizzard Entertainment.<\/p>\n","protected":false},"excerpt":{"rendered":"<p>Datenschutz Diese Seite ist eine Privatseite &#8211; die DSGVO greift hier nicht &#8211; und seit 2009 inaktiv, was neue Artikel und Kommentare angeht. Das Einzige, was hier noch von deinen Daten \u00c3\u00bcberhaupt verarbeitet wird, sind unter Umst\u00c3\u00a4nden bei Aufrufen von Einzelartikeln teils eingebettete Youtube- und Vimeo-Videos sowie Flickr-Bilder, die beim Seitenaufbau die Mutterseite kontaktieren. Wenn [&hellip;]<\/p>\n","protected":false},"author":41,"featured_media":0,"parent":0,"menu_order":0,"comment_status":"closed","ping_status":"closed","template":"","meta":{"footnotes":""},"class_list":["post-4","page","type-page","status-publish","hentry"],"_links":{"self":[{"href":"http:\/\/www.gamersliving.com\/wowblog\/wp-json\/wp\/v2\/pages\/4","targetHints":{"allow":["GET"]}}],"collection":[{"href":"http:\/\/www.gamersliving.com\/wowblog\/wp-json\/wp\/v2\/pages"}],"about":[{"href":"http:\/\/www.gamersliving.com\/wowblog\/wp-json\/wp\/v2\/types\/page"}],"author":[{"embeddable":true,"href":"http:\/\/www.gamersliving.com\/wowblog\/wp-json\/wp\/v2\/users\/41"}],"replies":[{"embeddable":true,"href":"http:\/\/www.gamersliving.com\/wowblog\/wp-json\/wp\/v2\/comments?post=4"}],"version-history":[{"count":5,"href":"http:\/\/www.gamersliving.com\/wowblog\/wp-json\/wp\/v2\/pages\/4\/revisions"}],"predecessor-version":[{"id":1595,"href":"http:\/\/www.gamersliving.com\/wowblog\/wp-json\/wp\/v2\/pages\/4\/revisions\/1595"}],"wp:attachment":[{"href":"http:\/\/www.gamersliving.com\/wowblog\/wp-json\/wp\/v2\/media?parent=4"}],"curies":[{"name":"wp","href":"https:\/\/api.w.org\/{rel}","templated":true}]}}